{"id":988,"date":"2022-05-05T09:26:44","date_gmt":"2022-05-05T09:26:44","guid":{"rendered":"https:\/\/funasfjallensledbolag.se\/?page_id=988"},"modified":"2025-07-09T12:22:01","modified_gmt":"2025-07-09T12:22:01","slug":"om-oss-2","status":"publish","type":"page","link":"https:\/\/funasfjallensledbolag.se\/en\/om-oss-2\/","title":{"rendered":"About us"},"content":{"rendered":"<div class=\"wp-block-uagb-container uagb-block-1d899998 alignfull uagb-is-root-container\"><div class=\"uagb-container-inner-blocks-wrap\"><\/div><\/div>\n\n\n\n<p class=\"has-text-align-center\">Fun\u00e4sfj\u00e4llens Ledbolag is owned by a local landowners' association and traders in the area. Ledbolaget's mission is to sustainably manage and develop Fun\u00e4sfj\u00e4llen's track and trail system for snowmobiles, cross-country skiing and mountainbike.&nbsp;<\/p>\n\n\n\n<p><strong>THE WORK OF THE MANAGEMENT COMPANY<\/strong><br>We at Fun\u00e4sfj\u00e4llens Ledbolag want to create the conditions for the tourism industry to develop in the area in a positive and long-term way. An equally important part for us is to give locals, holiday home owners and guests great mountain experiences. To achieve our goals, we maintain and develop the area's trail and trail system based on the site's conditions and history. We work closely with landowners, local residents, Sami villages and other industries to contribute to good environmental, social and economic sustainability aspects for the entire Fun\u00e4sfj\u00e4llen.&nbsp;<\/p>\n\n\n\n<p>During the winter, this means that we prepare cross-country tracks and snowmobile trails in Ramundberget, Bruksvallarna, Flon, Fun\u00e4sdalen, Ljusnedal, T\u00e4nn\u00e4s, T\u00e4nndalen and Fj\u00e4lln\u00e4s. We also maintain snowmobile trails in Mitt\u00e5dalen, Messlingen, Br\u00e4nd\u00e5sen and H\u00f6gv\u00e5len. We also have hosts out there who make sure that everything runs smoothly and that the terrain is not destroyed. Before the season starts, we inventory the routes to improve the signposting system, prevent damage to nature and review the ground in the area. We are also exploring alternative routes and developing new routes. During the winter, you can follow our work on our Facebook page and Instagram, where we continuously post tips and advice for various cross-country and snowmobile tours. In the app, we publish the latest updates on the trail and trail system.&nbsp;<\/p>\n\n\n\n<p>During the summer, we test all cycle routes in Ramundberget, Bruksvallarna, Messlingen, Fun\u00e4sdalen, Ljusnedal, T\u00e4nn\u00e4s, T\u00e4nndalen and Fj\u00e4lln\u00e4s before they open for the season. We inventory and improve the signage system, footbridges and gravel paths. We prevent ground damage and look after the nature around the trails. We are also trying new tours, testing ourselves in varying terrain to find complementary trails to our current system. On our Facebook page and Instagram, we post some tips and advice during the cycling season and in the app we publish the latest news about our trail and trail system.&nbsp;<\/p>\n\n\n\n<p><strong>ORGANISATION<\/strong><br>Fun\u00e4sfj\u00e4llens Ledbolag has four employees and a board of seven people. Our work for the local area, maintenance and development of the trail and trail system is made possible by the income from our mountain passes.<\/p>\n\n\n\n<p><strong>PRESS ROOM<\/strong><br><a href=\"https:\/\/funasfjallensledbolag.se\/en\/press\/\" target=\"_blank\" rel=\"noreferrer noopener\">Check out our press room for the big news and our press releases &gt;&gt;<\/a><\/p>\n\n\n\n<p><strong>CONTACT US<\/strong><br>Email us questions, tips or requests at:<br>info@funasfjallensledbolag.se<\/p>","protected":false},"excerpt":{"rendered":"<p>Fun\u00e4sfj\u00e4llens Ledbolag \u00e4gs av en lokal mark\u00e4garf\u00f6rening och n\u00e4ringsidkare i omr\u00e5det. Ledbolaget har till uppdrag att h\u00e5llbart f\u00f6rvalta och utveckla Fun\u00e4sfj\u00e4llens sp\u00e5r- och ledsystem f\u00f6r skoter, l\u00e4ngd och cykel.&nbsp; LEDBOLAGETS ARBETEVi p\u00e5 Fun\u00e4sfj\u00e4llens Ledbolag vill p\u00e5 ett positivt och l\u00e5ngsiktigt s\u00e4tt skapa f\u00f6ruts\u00e4ttningar f\u00f6r bes\u00f6ksn\u00e4ringen att utvecklas i omr\u00e5det. En lika viktig del f\u00f6r oss [&hellip;]<\/p>\n","protected":false},"author":1,"featured_media":0,"parent":0,"menu_order":0,"comment_status":"closed","ping_status":"closed","template":"wp-custom-template-homepage-ledbolaget","meta":{"_uag_custom_page_level_css":"","footnotes":""},"class_list":["post-988","page","type-page","status-publish","hentry"],"uagb_featured_image_src":{"full":false,"thumbnail":false,"medium":false,"medium_large":false,"large":false,"1536x1536":false,"2048x2048":false,"trp-custom-language-flag":false},"uagb_author_info":{"display_name":"JockeLage","author_link":"https:\/\/funasfjallensledbolag.se\/en\/author\/jockelage\/"},"uagb_comment_info":0,"uagb_excerpt":"Fun\u00e4sfj\u00e4llens Ledbolag \u00e4gs av en lokal mark\u00e4garf\u00f6rening och n\u00e4ringsidkare i omr\u00e5det. Ledbolaget har till uppdrag att h\u00e5llbart f\u00f6rvalta och utveckla Fun\u00e4sfj\u00e4llens sp\u00e5r- och ledsystem f\u00f6r skoter, l\u00e4ngd och cykel.&nbsp; LEDBOLAGETS ARBETEVi p\u00e5 Fun\u00e4sfj\u00e4llens Ledbolag vill p\u00e5 ett positivt och l\u00e5ngsiktigt s\u00e4tt skapa f\u00f6ruts\u00e4ttningar f\u00f6r bes\u00f6ksn\u00e4ringen att utvecklas i omr\u00e5det. En lika viktig del f\u00f6r oss&hellip;","_links":{"self":[{"href":"https:\/\/funasfjallensledbolag.se\/en\/wp-json\/wp\/v2\/pages\/988","targetHints":{"allow":["GET"]}}],"collection":[{"href":"https:\/\/funasfjallensledbolag.se\/en\/wp-json\/wp\/v2\/pages"}],"about":[{"href":"https:\/\/funasfjallensledbolag.se\/en\/wp-json\/wp\/v2\/types\/page"}],"author":[{"embeddable":true,"href":"https:\/\/funasfjallensledbolag.se\/en\/wp-json\/wp\/v2\/users\/1"}],"replies":[{"embeddable":true,"href":"https:\/\/funasfjallensledbolag.se\/en\/wp-json\/wp\/v2\/comments?post=988"}],"version-history":[{"count":17,"href":"https:\/\/funasfjallensledbolag.se\/en\/wp-json\/wp\/v2\/pages\/988\/revisions"}],"predecessor-version":[{"id":2256,"href":"https:\/\/funasfjallensledbolag.se\/en\/wp-json\/wp\/v2\/pages\/988\/revisions\/2256"}],"wp:attachment":[{"href":"https:\/\/funasfjallensledbolag.se\/en\/wp-json\/wp\/v2\/media?parent=988"}],"curies":[{"name":"wp","href":"https:\/\/api.w.org\/{rel}","templated":true}]}}