{"id":788,"date":"2022-04-21T05:13:03","date_gmt":"2022-04-21T05:13:03","guid":{"rendered":"https:\/\/funasfjallensledbolag.se\/?page_id=788"},"modified":"2024-06-04T09:47:33","modified_gmt":"2024-06-04T09:47:33","slug":"app","status":"publish","type":"page","link":"https:\/\/funasfjallensledbolag.se\/en\/app\/","title":{"rendered":"App"},"content":{"rendered":"<div class=\"wp-block-uagb-container uagb-block-d1ed0885 alignfull uagb-is-root-container\"><div class=\"uagb-container-inner-blocks-wrap\"><\/div><\/div>\n\n\n\n<p>The Trail &amp; Paths Fun\u00e4sfj\u00e4llen app has everything you need to know about the area's tours. You can easily see all the tracks and trails, how long they are and what level of difficulty they have. If a route is temporarily closed due to high water, lack of snow, reindeer herding, hunting or similar, the app is updated immediately. A map of the area is available, showing all routes and nearby car parks. <br><br>You can buy our Mountain Passes through the app, and once you're out on the trail, you can use GPS to see where you are on the trail. <\/p>\n\n\n\n<div class=\"wp-block-group is-layout-flow wp-block-group-is-layout-flow\">\n<div class=\"wp-block-kadence-advancedbtn kt-btn-align-center kt-btn-tablet-align-inherit kt-btn-mobile-align-inherit kt-btns-wrap kt-btns_98f475-33\"><div class=\"kt-btn-wrap kt-btn-wrap-0\"><a class=\"kt-button button kt-btn-0-action kt-btn-size-small kt-btn-style-basic kt-btn-svg-show-always kt-btn-has-text-true kt-btn-has-svg-false\" href=\"https:\/\/play.google.com\/store\/apps\/details?id=com.destinationfunas\" style=\"border-radius:6px;border-width:1px\"><span class=\"kt-btn-inner-text\">DOWNLOAD THE APP IN GOOGLE PLAY<\/span><\/a><\/div><div class=\"kt-btn-wrap kt-btn-wrap-1\"><a class=\"kt-button button kt-btn-1-action kt-btn-size-small kt-btn-style-basic kt-btn-svg-show-always kt-btn-has-text-true kt-btn-has-svg-false\" href=\"https:\/\/apps.apple.com\/us\/app\/sp\u00e5r-leder\/id1571456455\" style=\"border-radius:5px;border-width:1px\"><span class=\"kt-btn-inner-text\">DOWNLOAD APP IN APPSTORE<\/span><\/a><\/div><\/div>\n<\/div>","protected":false},"excerpt":{"rendered":"<p>I appen Sp\u00e5r &amp; Leder Fun\u00e4sfj\u00e4llen finns allt du beh\u00f6ver veta om omr\u00e5dets turer. Du kan enkelt se alla sp\u00e5r och leder, hur l\u00e5nga de \u00e4r och vilken sv\u00e5righetsgrad de har. Om en str\u00e4cka \u00e4r tillf\u00e4lligt avst\u00e4ngd p\u00e5 grund av h\u00f6ga fl\u00f6den, sn\u00f6brist, rensamling, jakt eller liknande uppdateras appen direkt. En karta \u00f6ver omr\u00e5det finns [&hellip;]<\/p>\n","protected":false},"author":1,"featured_media":0,"parent":0,"menu_order":0,"comment_status":"closed","ping_status":"closed","template":"wp-custom-template-homepage-ledbolaget","meta":{"_uag_custom_page_level_css":"","footnotes":""},"class_list":["post-788","page","type-page","status-publish","hentry"],"uagb_featured_image_src":{"full":false,"thumbnail":false,"medium":false,"medium_large":false,"large":false,"1536x1536":false,"2048x2048":false,"trp-custom-language-flag":false},"uagb_author_info":{"display_name":"JockeLage","author_link":"https:\/\/funasfjallensledbolag.se\/en\/author\/jockelage\/"},"uagb_comment_info":0,"uagb_excerpt":"I appen Sp\u00e5r &amp; Leder Fun\u00e4sfj\u00e4llen finns allt du beh\u00f6ver veta om omr\u00e5dets turer. Du kan enkelt se alla sp\u00e5r och leder, hur l\u00e5nga de \u00e4r och vilken sv\u00e5righetsgrad de har. Om en str\u00e4cka \u00e4r tillf\u00e4lligt avst\u00e4ngd p\u00e5 grund av h\u00f6ga fl\u00f6den, sn\u00f6brist, rensamling, jakt eller liknande uppdateras appen direkt. En karta \u00f6ver omr\u00e5det finns&hellip;","_links":{"self":[{"href":"https:\/\/funasfjallensledbolag.se\/en\/wp-json\/wp\/v2\/pages\/788","targetHints":{"allow":["GET"]}}],"collection":[{"href":"https:\/\/funasfjallensledbolag.se\/en\/wp-json\/wp\/v2\/pages"}],"about":[{"href":"https:\/\/funasfjallensledbolag.se\/en\/wp-json\/wp\/v2\/types\/page"}],"author":[{"embeddable":true,"href":"https:\/\/funasfjallensledbolag.se\/en\/wp-json\/wp\/v2\/users\/1"}],"replies":[{"embeddable":true,"href":"https:\/\/funasfjallensledbolag.se\/en\/wp-json\/wp\/v2\/comments?post=788"}],"version-history":[{"count":17,"href":"https:\/\/funasfjallensledbolag.se\/en\/wp-json\/wp\/v2\/pages\/788\/revisions"}],"predecessor-version":[{"id":2032,"href":"https:\/\/funasfjallensledbolag.se\/en\/wp-json\/wp\/v2\/pages\/788\/revisions\/2032"}],"wp:attachment":[{"href":"https:\/\/funasfjallensledbolag.se\/en\/wp-json\/wp\/v2\/media?parent=788"}],"curies":[{"name":"wp","href":"https:\/\/api.w.org\/{rel}","templated":true}]}}