{"id":471,"date":"2022-04-07T10:15:29","date_gmt":"2022-04-07T10:15:29","guid":{"rendered":"https:\/\/funasfjallensledbolag.se\/?page_id=471"},"modified":"2022-04-27T13:40:33","modified_gmt":"2022-04-27T13:40:33","slug":"resultat","status":"publish","type":"page","link":"https:\/\/funasfjallensledbolag.se\/en\/resultat\/","title":{"rendered":"Outcome"},"content":{"rendered":"<p>Through the project \"Coordinated method study for sustainable trail and site development\", Ledbolaget has investigated how destinations and nature areas can actively minimise wear and tear on trails and nature areas and prevent\/reduce conflicts between land stakeholders despite increased tourism and develop business and service structures linked to trails and trails.<\/p>\n\n\n\n<div class=\"wp-block-kadence-rowlayout alignnone\"><div id=\"kt-layout-id_4933b9-2c\" class=\"kt-row-layout-inner kt-layout-id_4933b9-2c\"><div class=\"kt-row-column-wrap kt-has-2-columns kt-gutter-skinny kt-v-gutter-default kt-row-valign-top kt-row-layout-equal kt-tab-layout-inherit kt-m-colapse-left-to-right kt-mobile-layout-row  kt-custom-first-width-50  kt-custom-second-width-50\">\n<div class=\"wp-block-kadence-column inner-column-1 kadence-column_7ced18-dc\"><div class=\"kt-inside-inner-col\">\n<div data-wp-interactive=\"core\/file\" class=\"wp-block-file alignleft\"><object data-wp-bind--hidden=\"!state.hasPdfPreview\" hidden class=\"wp-block-file__embed\" data=\"https:\/\/funasfjallensledbolag.se\/wp-content\/uploads\/2022\/04\/Funasfjallens-forvaltningsmodell.pdf\" type=\"application\/pdf\" style=\"width:100%;height:600px\" aria-label=\"Embed of Embedding the Funasfjallen management model.\"><\/object><a id=\"wp-block-file--media-89fd3843-1501-444b-b1dc-3feedbbded73\" href=\"https:\/\/funasfjallensledbolag.se\/wp-content\/uploads\/2022\/04\/Funasfjallens-forvaltningsmodell.pdf\">Funasfjallens management model<\/a><\/div>\n<\/div><\/div>\n\n\n\n<div class=\"wp-block-kadence-column inner-column-2 kadence-column_79d5ed-8f\"><div class=\"kt-inside-inner-col\">\n<p>The coordinated approach to sustainable trail and site development reduces land use conflicts and promotes community development. It addresses uncertainties related to public access rights in areas with high visitor pressure. The methodology is summarised in the \"Fun\u00e4sfj\u00e4llen Management Model for Trails and Paths\". \"Fun\u00e4sfj\u00e4llen's Management Model for Trails and Paths\" is described and presented so that others can take part in it. By integrating off-road cycling through trail cycling into the management model, the product has been developed and wear and tear and dissatisfaction with off-road cycling have been reduced.<\/p>\n<\/div><\/div>\n<\/div><\/div><\/div>\n\n\n\n<div class=\"wp-block-kadence-rowlayout alignnone\"><div id=\"kt-layout-id_82c3b6-a2\" class=\"kt-row-layout-inner kt-layout-id_82c3b6-a2\"><div class=\"kt-row-column-wrap kt-has-2-columns kt-gutter-skinny kt-v-gutter-default kt-row-valign-top kt-row-layout-equal kt-tab-layout-inherit kt-m-colapse-left-to-right kt-mobile-layout-row  kt-custom-first-width-45  kt-custom-second-width-55\">\n<div class=\"wp-block-kadence-column inner-column-1 kadence-column_397f99-f4\"><div class=\"kt-inside-inner-col\">\n<div data-wp-interactive=\"core\/file\" class=\"wp-block-file alignleft\"><object data-wp-bind--hidden=\"!state.hasPdfPreview\" hidden class=\"wp-block-file__embed\" data=\"https:\/\/funasfjallensledbolag.se\/wp-content\/uploads\/2022\/04\/Lopande-metoder-for-intern-o-extern-kommunikation.pdf\" type=\"application\/pdf\" style=\"width:100%;height:600px\" aria-label=\"Embed of Embedding Running Methods for Internal and External Communication.\"><\/object><a id=\"wp-block-file--media-97fcba77-a155-4691-81ce-85b64ad492cf\" href=\"https:\/\/funasfjallensledbolag.se\/wp-content\/uploads\/2022\/04\/Lopande-metoder-for-intern-o-extern-kommunikation.pdf\">Lopande methods for internal and external communication<\/a><\/div>\n<\/div><\/div>\n\n\n\n<div class=\"wp-block-kadence-column inner-column-2 kadence-column_332f73-7e\"><div class=\"kt-inside-inner-col\">\n<p>\"Ongoing methods and approaches for internal and external communication\" describes the methods and approaches used to progress internal and external communication during the project.<\/p>\n<\/div><\/div>\n<\/div><\/div><\/div>\n\n\n\n<div class=\"wp-block-kadence-rowlayout alignnone\"><div id=\"kt-layout-id_4cf2a1-23\" class=\"kt-row-layout-inner kt-layout-id_4cf2a1-23\"><div class=\"kt-row-column-wrap kt-has-2-columns kt-gutter-skinny kt-v-gutter-default kt-row-valign-top kt-row-layout-equal kt-tab-layout-inherit kt-m-colapse-left-to-right kt-mobile-layout-row  kt-custom-first-width-45  kt-custom-second-width-55\">\n<div class=\"wp-block-kadence-column inner-column-1 kadence-column_228572-74\"><div class=\"kt-inside-inner-col\">\n<div data-wp-interactive=\"core\/file\" class=\"wp-block-file alignleft\"><object data-wp-bind--hidden=\"!state.hasPdfPreview\" hidden class=\"wp-block-file__embed\" data=\"https:\/\/funasfjallensledbolag.se\/wp-content\/uploads\/2022\/04\/AVTALSSYSTEMATIK-I-FORVALTNINGSMODELLEN-FOR-SPAR-OCH-LEDER.pdf\" type=\"application\/pdf\" style=\"width:100%;height:600px\" aria-label=\"Embed of Embedding CONTRACT SYSTEMS IN THE MANAGEMENT MODEL FOR SAVINGS AND MANAGEMENT.\"><\/object><a id=\"wp-block-file--media-fe094978-b54b-4538-874d-a861ddeb3454\" href=\"https:\/\/funasfjallensledbolag.se\/wp-content\/uploads\/2022\/04\/AVTALSSYSTEMATIK-I-FORVALTNINGSMODELLEN-FOR-SPAR-OCH-LEDER.pdf\">CONTRACTUAL-SYSTEMATICS-IN-THE-MANAGEMENT-MODEL-FOR-SAVINGS-AND-MANAGEMENT<\/a><\/div>\n<\/div><\/div>\n\n\n\n<div class=\"wp-block-kadence-column inner-column-2 kadence-column_022ba9-b6\"><div class=\"kt-inside-inner-col\">\n<p>\"Contractual systems in the management model for tracks and trails\" describes which contracts and general conditions support the management model and why. It also shows how general terms and conditions as well as right of use agreements for bicycles that support the management model can look like.<\/p>\n<\/div><\/div>\n<\/div><\/div><\/div>","protected":false},"excerpt":{"rendered":"<p>Ledbolaget har genom projektet \u201d Samordnad metodutredning f\u00f6r h\u00e5llbar led- och platsutveckling\u201d utrett hur destinationer och naturomr\u00e5den aktivt kan minimera slitage p\u00e5 leder och naturomr\u00e5den samt f\u00f6rebygga\/minska mots\u00e4ttningar mellan markintressenter trots \u00f6kad turism samt utveckla n\u00e4ringslivs- och servicestrukturer kopplade till sp\u00e5r och leder. Den samordnade metodutredningen f\u00f6r h\u00e5llbar led- och platsutveckling minskar konflikter kring markanv\u00e4ndningen [&hellip;]<\/p>\n","protected":false},"author":1,"featured_media":0,"parent":0,"menu_order":0,"comment_status":"closed","ping_status":"closed","template":"wp-custom-template-jockes","meta":{"_uag_custom_page_level_css":"","footnotes":""},"class_list":["post-471","page","type-page","status-publish","hentry"],"uagb_featured_image_src":{"full":false,"thumbnail":false,"medium":false,"medium_large":false,"large":false,"1536x1536":false,"2048x2048":false,"trp-custom-language-flag":false},"uagb_author_info":{"display_name":"JockeLage","author_link":"https:\/\/funasfjallensledbolag.se\/en\/author\/jockelage\/"},"uagb_comment_info":0,"uagb_excerpt":"Ledbolaget har genom projektet \u201d Samordnad metodutredning f\u00f6r h\u00e5llbar led- och platsutveckling\u201d utrett hur destinationer och naturomr\u00e5den aktivt kan minimera slitage p\u00e5 leder och naturomr\u00e5den samt f\u00f6rebygga\/minska mots\u00e4ttningar mellan markintressenter trots \u00f6kad turism samt utveckla n\u00e4ringslivs- och servicestrukturer kopplade till sp\u00e5r och leder. Den samordnade metodutredningen f\u00f6r h\u00e5llbar led- och platsutveckling minskar konflikter kring markanv\u00e4ndningen&hellip;","_links":{"self":[{"href":"https:\/\/funasfjallensledbolag.se\/en\/wp-json\/wp\/v2\/pages\/471","targetHints":{"allow":["GET"]}}],"collection":[{"href":"https:\/\/funasfjallensledbolag.se\/en\/wp-json\/wp\/v2\/pages"}],"about":[{"href":"https:\/\/funasfjallensledbolag.se\/en\/wp-json\/wp\/v2\/types\/page"}],"author":[{"embeddable":true,"href":"https:\/\/funasfjallensledbolag.se\/en\/wp-json\/wp\/v2\/users\/1"}],"replies":[{"embeddable":true,"href":"https:\/\/funasfjallensledbolag.se\/en\/wp-json\/wp\/v2\/comments?post=471"}],"version-history":[{"count":21,"href":"https:\/\/funasfjallensledbolag.se\/en\/wp-json\/wp\/v2\/pages\/471\/revisions"}],"predecessor-version":[{"id":834,"href":"https:\/\/funasfjallensledbolag.se\/en\/wp-json\/wp\/v2\/pages\/471\/revisions\/834"}],"wp:attachment":[{"href":"https:\/\/funasfjallensledbolag.se\/en\/wp-json\/wp\/v2\/media?parent=471"}],"curies":[{"name":"wp","href":"https:\/\/api.w.org\/{rel}","templated":true}]}}