{"id":2317,"date":"2025-11-27T13:29:54","date_gmt":"2025-11-27T13:29:54","guid":{"rendered":"https:\/\/funasfjallensledbolag.se\/?page_id=2317"},"modified":"2026-04-28T13:21:39","modified_gmt":"2026-04-28T13:21:39","slug":"isstatus","status":"publish","type":"page","link":"https:\/\/funasfjallensledbolag.se\/en\/isstatus\/","title":{"rendered":"Ice status"},"content":{"rendered":"<div class=\"wp-block-kadence-spacer aligncenter kt-block-spacer-2317_dfe705-b6\"><div class=\"kt-block-spacer kt-block-spacer-halign-center\"><hr class=\"kt-divider\"\/><\/div><\/div>\n\n\n\n<h1 class=\"kt-adv-heading2317_b2310e-c5 wp-block-kadence-advancedheading\" data-kb-block=\"kb-adv-heading2317_b2310e-c5\">Ice status<\/h1>\n\n\n\n<p>Snowmobiling over ice is at your own risk, follow the marked snowmobile trail. When the ice situation changes, we update the information as soon as we can. The date shows the last time we checked the ice. <\/p>\n\n\n\n<div class=\"wp-block-group alignfull is-content-justification-center is-nowrap is-layout-flex wp-container-core-group-is-layout-23441af8 wp-block-group-is-layout-flex\"><div class=\"kb-table-container kb-table-container2317_89706d-16 wp-block-kadence-table\"><table class=\"kb-table kb-table2317_89706d-16\">\n<tr class=\"kb-table-row kb-table-row2317_260791-6e\">\n<td class=\"kb-table-data kb-table-data2317_6e42ac-c0\">\n\n<h5 class=\"kt-adv-heading2317_4e24bd-99 wp-block-kadence-advancedheading\" data-kb-block=\"kb-adv-heading2317_4e24bd-99\">ISLEADER<\/h5>\n\n<\/td>\n\n<td class=\"kb-table-data kb-table-data2317_9a2ea8-01\">\n\n<h5 class=\"kt-adv-heading2317_204720-fc wp-block-kadence-advancedheading\" data-kb-block=\"kb-adv-heading2317_204720-fc\">Status<\/h5>\n\n<\/td>\n<\/tr>\n\n<tr class=\"kb-table-row kb-table-row2317_4031eb-13\">\n<td class=\"kb-table-data kb-table-data2317_2ae0f6-7c\">\n\n<p class=\"has-large-font-size\" style=\"font-style:normal;font-weight:700\">Lake Fun\u00e4sdal<\/p>\n\n\n\n<p class=\"has-foreground-color has-text-color has-link-color wp-elements-4bc982178c937755ddde0919d31ab281\">Isleden st\u00e4ngd<\/p>\n\n\n\n<p class=\"has-foreground-color has-text-color has-link-color wp-elements-bb133910c817f3625fccc6565e841573\">2026-04-10<\/p>\n\n<\/td>\n\n<td class=\"kb-table-data kb-table-data2317_9a258c-e8\">\n\n<div class=\"wp-block-group has-vivid-red-background-color has-background is-layout-grid wp-container-core-group-is-layout-0a017bbe wp-block-group-is-layout-grid\"><\/div>\n\n<\/td>\n<\/tr>\n\n<tr class=\"kb-table-row kb-table-row2317_290e43-64\">\n<td class=\"kb-table-data kb-table-data2317_95aeb7-ac\">\n\n<p class=\"has-large-font-size\" style=\"font-style:normal;font-weight:700\">Lake Kesus<\/p>\n\n\n\n<p class=\"has-foreground-color has-text-color has-link-color wp-elements-e93784d06c755e600d51f1bfdce435e2\">Isleden st\u00e4ngd.<\/p>\n\n\n\n<p>2026-04-20<\/p>\n\n<\/td>\n\n<td class=\"kb-table-data kb-table-data2317_a2a3da-3c\">\n\n<div class=\"wp-block-group has-vivid-red-background-color has-background is-layout-grid wp-container-core-group-is-layout-0e82c502 wp-block-group-is-layout-grid\"><\/div>\n\n<\/td>\n<\/tr>\n\n<tr class=\"kb-table-row kb-table-row2317_028ba9-72\">\n<td class=\"kb-table-data kb-table-data2317_4b7083-39\">\n\n<p class=\"has-large-font-size\" style=\"font-style:normal;font-weight:700\">Ljungan dalg\u00e5ngsleden<\/p>\n\n\n\n<p class=\"has-foreground-color has-text-color has-link-color wp-elements-e93784d06c755e600d51f1bfdce435e2\">Isleden st\u00e4ngd.<\/p>\n\n\n\n<p>2026-04-18<\/p>\n\n<\/td>\n\n<td class=\"kb-table-data kb-table-data2317_8889e2-0e\">\n\n<div class=\"wp-block-group has-vivid-red-background-color has-background is-layout-grid wp-container-core-group-is-layout-35e6160f wp-block-group-is-layout-grid\"><\/div>\n\n<\/td>\n<\/tr>\n\n<tr class=\"kb-table-row kb-table-row2317_56dc0d-44\">\n<td class=\"kb-table-data kb-table-data2317_7ce1c4-8e\">\n\n<p class=\"has-large-font-size\" style=\"font-style:normal;font-weight:700\">Ljusnan K\u00e5vanvallen<\/p>\n\n\n\n<p class=\"has-foreground-color has-text-color has-link-color wp-elements-4bc982178c937755ddde0919d31ab281\">Isleden st\u00e4ngd<\/p>\n\n\n\n<p>2026-04-10<\/p>\n\n<\/td>\n\n<td class=\"kb-table-data kb-table-data2317_70a35b-39\">\n\n<div class=\"wp-block-group has-vivid-red-background-color has-background is-layout-grid wp-container-core-group-is-layout-0a017bbe wp-block-group-is-layout-grid\"><\/div>\n\n<\/td>\n<\/tr>\n\n<tr class=\"kb-table-row kb-table-row2317_61e446-ab\">\n<td class=\"kb-table-data kb-table-data2317_0666d2-48\">\n\n<p class=\"has-large-font-size\" style=\"font-style:normal;font-weight:700\">Ljusnan Ljusnedal<\/p>\n\n\n\n<p class=\"has-foreground-color has-text-color has-link-color wp-elements-e93784d06c755e600d51f1bfdce435e2\">Isleden st\u00e4ngd.<\/p>\n\n\n\n<p>2026-04-07<\/p>\n\n<\/td>\n\n<td class=\"kb-table-data kb-table-data2317_2540a5-5c\">\n\n<div class=\"wp-block-group has-vivid-red-background-color has-background is-layout-grid wp-container-core-group-is-layout-0e82c502 wp-block-group-is-layout-grid\"><\/div>\n\n<\/td>\n<\/tr>\n\n<tr class=\"kb-table-row kb-table-row2317_01c7b9-cf\">\n<td class=\"kb-table-data kb-table-data2317_d5133c-38\">\n\n<p class=\"has-large-font-size\" style=\"font-style:normal;font-weight:700\">Unloading<\/p>\n\n\n\n<p class=\"has-foreground-color has-text-color has-link-color wp-elements-4bc982178c937755ddde0919d31ab281\">Isleden st\u00e4ngd<\/p>\n\n\n\n<p>2026-04-15<\/p>\n\n<\/td>\n\n<td class=\"kb-table-data kb-table-data2317_f33c60-59\">\n\n<div class=\"wp-block-group has-vivid-red-background-color has-background is-layout-grid wp-container-core-group-is-layout-35e6160f wp-block-group-is-layout-grid\"><\/div>\n\n<\/td>\n<\/tr>\n\n<tr class=\"kb-table-row kb-table-row2317_9e126c-4f\">\n<td class=\"kb-table-data kb-table-data2317_161ec3-fe\">\n\n<p class=\"has-large-font-size\" style=\"font-style:normal;font-weight:700\">The ore stomach<\/p>\n\n\n\n<p class=\"has-foreground-color has-text-color has-link-color wp-elements-e93784d06c755e600d51f1bfdce435e2\">Isleden st\u00e4ngd.<\/p>\n\n\n\n<p>2026-04-27<\/p>\n\n<\/td>\n\n<td class=\"kb-table-data kb-table-data2317_54701e-fe\">\n\n<div class=\"wp-block-group has-vivid-red-background-color has-background is-layout-grid wp-container-core-group-is-layout-0e82c502 wp-block-group-is-layout-grid\"><\/div>\n\n<\/td>\n<\/tr>\n\n<tr class=\"kb-table-row kb-table-row2317_028860-b3\">\n<td class=\"kb-table-data kb-table-data2317_e377b2-0c\">\n\n<p class=\"has-large-font-size\" style=\"font-style:normal;font-weight:700\">Mejs\u00e5n<\/p>\n\n\n\n<p class=\"has-foreground-color has-text-color has-link-color wp-elements-e93784d06c755e600d51f1bfdce435e2\">Isleden st\u00e4ngd.<\/p>\n\n\n\n<p>2026-04-18<\/p>\n\n<\/td>\n\n<td class=\"kb-table-data kb-table-data2317_267f3c-b0\">\n\n<div class=\"wp-block-group has-vivid-red-background-color has-background is-layout-grid wp-container-core-group-is-layout-0a017bbe wp-block-group-is-layout-grid\"><\/div>\n\n<\/td>\n<\/tr>\n\n<tr class=\"kb-table-row kb-table-row2317_7711ce-e2\">\n<td class=\"kb-table-data kb-table-data2317_7adccf-ea\">\n\n<p class=\"has-large-font-size\" style=\"font-style:normal;font-weight:700\">Lake Messlingen<\/p>\n\n\n\n<p class=\"has-foreground-color has-text-color has-link-color wp-elements-52145edb62c6ad1b0ab510e793090d0a\">Isleden st\u00e4ngd. <\/p>\n\n\n\n<p>2026-04-21<\/p>\n\n<\/td>\n\n<td class=\"kb-table-data kb-table-data2317_bbaa82-51\">\n\n<div class=\"wp-block-group has-vivid-red-background-color has-background is-layout-grid wp-container-core-group-is-layout-0a017bbe wp-block-group-is-layout-grid\"><\/div>\n\n<\/td>\n<\/tr>\n\n<tr class=\"kb-table-row kb-table-row2317_66baf7-e5\">\n<td class=\"kb-table-data kb-table-data2317_0f1397-ad\">\n\n<p class=\"has-large-font-size\" style=\"font-style:normal;font-weight:700\">The centre of the river<\/p>\n\n\n\n<p>Isled st\u00e4ngd.<\/p>\n\n\n\n<p>2026-04-14<\/p>\n\n<\/td>\n\n<td class=\"kb-table-data kb-table-data2317_d72d66-92\">\n\n<div class=\"wp-block-group has-vivid-red-background-color has-background is-layout-grid wp-container-core-group-is-layout-0a017bbe wp-block-group-is-layout-grid\"><\/div>\n\n<\/td>\n<\/tr>\n\n<tr class=\"kb-table-row kb-table-row2317_0c54bc-6b\">\n<td class=\"kb-table-data kb-table-data2317_558c8b-30\">\n\n<p class=\"has-large-font-size\" style=\"font-style:normal;font-weight:700\">Great Lake<\/p>\n\n\n\n<p class=\"has-foreground-color has-text-color has-link-color wp-elements-4bc982178c937755ddde0919d31ab281\">Isleden st\u00e4ngd<\/p>\n\n\n\n<p>2026-04-18<\/p>\n\n<\/td>\n\n<td class=\"kb-table-data kb-table-data2317_b81221-51\">\n\n<div class=\"wp-block-group has-vivid-red-background-color has-background is-layout-grid wp-container-core-group-is-layout-0a017bbe wp-block-group-is-layout-grid\"><\/div>\n\n<\/td>\n<\/tr>\n\n<tr class=\"kb-table-row kb-table-row2317_d1cc4e-8a\">\n<td class=\"kb-table-data kb-table-data2317_0920c3-df\">\n\n<p class=\"has-large-font-size\" style=\"font-style:normal;font-weight:700\">Lake R\u00e4nningsvalls<\/p>\n\n\n\n<p>Isleden st\u00e4ngd.<\/p>\n\n\n\n<p>2026-04-20<\/p>\n\n<\/td>\n\n<td class=\"kb-table-data kb-table-data2317_658766-ea\">\n\n<div class=\"wp-block-group has-vivid-red-background-color has-background is-layout-grid wp-container-core-group-is-layout-0e82c502 wp-block-group-is-layout-grid\"><\/div>\n\n<\/td>\n<\/tr>\n\n<tr class=\"kb-table-row kb-table-row2317_c83b6a-2d\">\n<td class=\"kb-table-data kb-table-data2317_ffd8e8-02\">\n\n<p class=\"has-large-font-size\" style=\"font-style:normal;font-weight:700\">Lake T\u00e4nndals<\/p>\n\n\n\n<p>Isleden st\u00e4ngd.<\/p>\n\n\n\n<p>2026-04-19<\/p>\n\n<\/td>\n\n<td class=\"kb-table-data kb-table-data2317_e856c1-fe\">\n\n<div class=\"wp-block-group has-vivid-red-background-color has-background is-layout-grid wp-container-core-group-is-layout-0a017bbe wp-block-group-is-layout-grid\"><\/div>\n\n<\/td>\n<\/tr>\n\n<tr class=\"kb-table-row kb-table-row2317_94319c-07\">\n<td class=\"kb-table-data kb-table-data2317_e09ee8-b4\">\n\n<p class=\"has-large-font-size\" style=\"font-style:normal;font-weight:700\">T\u00e4nn\u00e5n T\u00e4nndalsvallen<\/p>\n\n\n\n<p class=\"has-foreground-color has-text-color has-link-color wp-elements-e93784d06c755e600d51f1bfdce435e2\">Isleden st\u00e4ngd.<\/p>\n\n\n\n<p>2026-04-19<\/p>\n\n<\/td>\n\n<td class=\"kb-table-data kb-table-data2317_068a00-c7\">\n\n<div class=\"wp-block-group has-vivid-red-background-color has-background is-layout-grid wp-container-core-group-is-layout-0a017bbe wp-block-group-is-layout-grid\"><\/div>\n\n<\/td>\n<\/tr>\n\n<tr class=\"kb-table-row kb-table-row2317_d9fc48-25\">\n<td class=\"kb-table-data kb-table-data2317_1b2bf6-de\">\n\n<p class=\"has-large-font-size\" style=\"font-style:normal;font-weight:700\">T\u00e4nn\u00e5n T\u00e4nn\u00e4s<\/p>\n\n\n\n<p class=\"has-foreground-color has-text-color has-link-color wp-elements-e05844a46feec3a06851b442c0697a1f\">Leden st\u00e4ngd.<\/p>\n\n\n\n<p>2026-03-31<\/p>\n\n<\/td>\n\n<td class=\"kb-table-data kb-table-data2317_1cda3d-71\">\n\n<div class=\"wp-block-group has-vivid-red-background-color has-background is-layout-grid wp-container-core-group-is-layout-0a017bbe wp-block-group-is-layout-grid\"><\/div>\n\n<\/td>\n<\/tr>\n\n<tr class=\"kb-table-row kb-table-row2317_1f2489-b3\">\n<td class=\"kb-table-data kb-table-data2317_c58e54-73\">\n\n<p class=\"has-large-font-size\" style=\"font-style:normal;font-weight:700\">poppies<\/p>\n\n\n\n<p class=\"has-foreground-color has-text-color has-link-color wp-elements-e93784d06c755e600d51f1bfdce435e2\">Isleden st\u00e4ngd.<\/p>\n\n\n\n<p>2026-04-20<\/p>\n\n<\/td>\n\n<td class=\"kb-table-data kb-table-data2317_01051a-68\">\n\n<div class=\"wp-block-group has-vivid-red-background-color has-background is-layout-grid wp-container-core-group-is-layout-0a017bbe wp-block-group-is-layout-grid\"><\/div>\n\n<\/td>\n<\/tr>\n\n<tr class=\"kb-table-row kb-table-row2317_8c5aff-d6\">\n<td class=\"kb-table-data kb-table-data2317_de441c-46\">\n\n<p class=\"has-large-font-size\" style=\"font-style:normal;font-weight:700\">Western Waters<\/p>\n\n\n\n<p class=\"has-foreground-color has-text-color has-link-color wp-elements-e93784d06c755e600d51f1bfdce435e2\">Isleden st\u00e4ngd.<\/p>\n\n\n\n<p>2026-04-20<\/p>\n\n<\/td>\n\n<td class=\"kb-table-data kb-table-data2317_a45d1e-1f\">\n\n<div class=\"wp-block-group has-vivid-red-background-color has-background is-layout-grid wp-container-core-group-is-layout-0e82c502 wp-block-group-is-layout-grid\"><\/div>\n\n<\/td>\n<\/tr>\n\n<tr class=\"kb-table-row kb-table-row2317_bf4a85-1d\">\n<td class=\"kb-table-data kb-table-data2317_55a973-4c\">\n\n<p class=\"has-large-font-size\" style=\"font-style:normal;font-weight:700\">Western Lake \u00d6sj\u00f6<\/p>\n\n\n\n<p>Isleden st\u00e4ngd.<\/p>\n\n\n\n<p>2026-04-27<\/p>\n\n<\/td>\n\n<td class=\"kb-table-data kb-table-data2317_7b76f0-a6\">\n\n<div class=\"wp-block-group has-vivid-red-background-color has-background is-layout-grid wp-container-core-group-is-layout-0a017bbe wp-block-group-is-layout-grid\"><\/div>\n\n<\/td>\n<\/tr>\n<\/table><\/div><\/div>","protected":false},"excerpt":{"rendered":"<p>Isstatus Skoter\u00e5kning \u00f6ver is sker p\u00e5 egen risk, f\u00f6lj markerad skoterled. N\u00e4r isl\u00e4get f\u00f6r\u00e4ndras, uppdaterar vi informationen s\u00e5 snart vi kan. Datum visar senast vi kontrollerade isen.<\/p>","protected":false},"author":1,"featured_media":0,"parent":0,"menu_order":0,"comment_status":"closed","ping_status":"closed","template":"wp-custom-template-homepage-ledbolaget","meta":{"_uag_custom_page_level_css":"","footnotes":""},"class_list":["post-2317","page","type-page","status-publish","hentry"],"uagb_featured_image_src":{"full":false,"thumbnail":false,"medium":false,"medium_large":false,"large":false,"1536x1536":false,"2048x2048":false,"trp-custom-language-flag":false},"uagb_author_info":{"display_name":"JockeLage","author_link":"https:\/\/funasfjallensledbolag.se\/en\/author\/jockelage\/"},"uagb_comment_info":0,"uagb_excerpt":"Isstatus Skoter\u00e5kning \u00f6ver is sker p\u00e5 egen risk, f\u00f6lj markerad skoterled. N\u00e4r isl\u00e4get f\u00f6r\u00e4ndras, uppdaterar vi informationen s\u00e5 snart vi kan. Datum visar senast vi kontrollerade isen.","_links":{"self":[{"href":"https:\/\/funasfjallensledbolag.se\/en\/wp-json\/wp\/v2\/pages\/2317","targetHints":{"allow":["GET"]}}],"collection":[{"href":"https:\/\/funasfjallensledbolag.se\/en\/wp-json\/wp\/v2\/pages"}],"about":[{"href":"https:\/\/funasfjallensledbolag.se\/en\/wp-json\/wp\/v2\/types\/page"}],"author":[{"embeddable":true,"href":"https:\/\/funasfjallensledbolag.se\/en\/wp-json\/wp\/v2\/users\/1"}],"replies":[{"embeddable":true,"href":"https:\/\/funasfjallensledbolag.se\/en\/wp-json\/wp\/v2\/comments?post=2317"}],"version-history":[{"count":154,"href":"https:\/\/funasfjallensledbolag.se\/en\/wp-json\/wp\/v2\/pages\/2317\/revisions"}],"predecessor-version":[{"id":2572,"href":"https:\/\/funasfjallensledbolag.se\/en\/wp-json\/wp\/v2\/pages\/2317\/revisions\/2572"}],"wp:attachment":[{"href":"https:\/\/funasfjallensledbolag.se\/en\/wp-json\/wp\/v2\/media?parent=2317"}],"curies":[{"name":"wp","href":"https:\/\/api.w.org\/{rel}","templated":true}]}}