{"id":107,"date":"2022-03-29T11:03:58","date_gmt":"2022-03-29T11:03:58","guid":{"rendered":"https:\/\/funasfjallensledbolag.se\/?page_id=107"},"modified":"2025-07-23T07:55:26","modified_gmt":"2025-07-23T07:55:26","slug":"vandring","status":"publish","type":"page","link":"https:\/\/funasfjallensledbolag.se\/en\/vandring\/","title":{"rendered":"Hiking"},"content":{"rendered":"<div class=\"wp-block-uagb-container uagb-block-b7bdf4b5 alignfull uagb-is-root-container\"><div class=\"uagb-container-inner-blocks-wrap\"><\/div><\/div>\n\n\n\n<p class=\"has-text-align-left\">The hiking opportunities in Fun\u00e4sfj\u00e4llen are endless. There are day trips for everyone - short, easy, child-friendly trails and longer, more demanding tours for the experienced hiker. All the trails are clearly signposted and easy to follow. V\u00e4stra H\u00e4rjedalen's village council group - the seven village councils in Fun\u00e4sfj\u00e4llen manage Guld- och KulTurer, which is managed by Fun\u00e4sfj\u00e4llens Ledbolag. <br><\/p>\n\n\n<div class=\"kb-row-layout-wrap kb-row-layout-id107_deeab0-81 alignnone kt-row-has-bg wp-block-kadence-rowlayout\"><div class=\"kt-row-column-wrap kt-has-2-columns kt-row-layout-equal kt-tab-layout-inherit kt-mobile-layout-row kt-row-valign-top\">\n\n<div class=\"wp-block-kadence-column kadence-column107_7a06a0-f6 inner-column-1\"><div class=\"kt-inside-inner-col\">\n<p class=\"has-text-align-left\">You don't need a mountain pass to hike, but you can make a donation to the Bygdesamr\u00e5dsgruppen. By making a donation, you help to preserve long-term sustainable hiking trails.<br><\/p>\n\n\n\n<div class=\"wp-block-kadence-spacer aligncenter kt-block-spacer-107_885f4c-7f\"><div class=\"kt-block-spacer kt-block-spacer-halign-center\"><hr class=\"kt-divider\"\/><\/div><\/div>\n\n\n\n<div class=\"wp-block-kadence-advancedbtn kb-buttons-wrap kb-btns107_f7bf7c-34 kt-btn-align-center kt-btn-tablet-align-inherit kt-btn-mobile-align-inherit kt-btns-wrap kt-btns_525b94-72\"><a class=\"kb-button kt-button button kb-btn107_fc9873-37 kt-btn-size-standard kt-btn-width-type-auto kb-btn-global-fill  kt-btn-has-text-true kt-btn-has-svg-false  wp-block-kadence-singlebtn\" href=\"https:\/\/funasfjallensledbolag.outby.se\/tickets\/592\/?lang=en\" target=\"_blank\" rel=\"noreferrer noopener\"><span class=\"kt-btn-inner-text\">DONATION HIKING<\/span><\/a><\/div>\n<\/div><\/div>\n\n\n\n<div class=\"wp-block-kadence-column kadence-column107_aadede-a8 inner-column-2\"><div class=\"kt-inside-inner-col\">\n<p> You can also make a donation via Swish: 123 379 6612.<\/p>\n<\/div><\/div>\n\n<\/div><\/div>\n\n\n<div class=\"wp-block-kadence-spacer aligncenter kt-block-spacer-107_3868e0-cf\"><div class=\"kt-block-spacer kt-block-spacer-halign-center\"><\/div><\/div>\n\n\n\n<div class=\"wp-block-group alignfull tw-mt-0 is-layout-flow wp-block-group-is-layout-flow\"><div data-post-id=\"1043\" class=\"insert-page insert-page-1043\">\n<div class=\"wp-block-kadence-rowlayout alignwide\"><div id=\"kt-layout-id_6579b2-4f\" class=\"kt-row-layout-inner kt-row-has-bg kt-layout-id_6579b2-4f\"><div class=\"kt-row-column-wrap kt-has-2-columns kt-gutter-default kt-v-gutter-default kt-row-valign-top kt-row-layout-equal kt-tab-layout-inherit kt-m-colapse-left-to-right kt-mobile-layout-row\">\n<div class=\"wp-block-kadence-column inner-column-1 kadence-column_ec1b8c-81 kb-section-dir-horizontal\"><div class=\"kt-inside-inner-col\">\n<p class=\"has-text-align-left\">I&nbsp;<a href=\"https:\/\/funasfjallensledbolag.se\/en\/app\/\">app<\/a>&nbsp;you will find up-to-date information on the trails in the area. You can see if a route is temporarily closed due to high water, lack of snow, reindeer herding, hunting or similar. You can also read about the scope of the various tours and see where you are on the trail. All our Mountain Passes can be purchased directly in the app. &nbsp;<\/p>\n<\/div><\/div>\n\n\n\n<div class=\"wp-block-kadence-column inner-column-2 kadence-column_33b783-18 kb-section-dir-horizontal\"><div class=\"kt-inside-inner-col\">\n<figure class=\"wp-block-kadence-image kb-image_5b26c3-ea size-large\"><a href=\"https:\/\/apps.apple.com\/us\/app\/sp%C3%A5r-leder\/id1571456455\" class=\"kb-advanced-image-link\"><img loading=\"lazy\" decoding=\"async\" width=\"689\" height=\"1024\" src=\"https:\/\/funasfjallensledbolag.se\/wp-content\/uploads\/2022\/04\/Spar_och-Leder-689x1024.png\" alt=\"\" class=\"kb-img wp-image-888\" srcset=\"https:\/\/funasfjallensledbolag.se\/wp-content\/uploads\/2022\/04\/Spar_och-Leder-689x1024.png 689w, https:\/\/funasfjallensledbolag.se\/wp-content\/uploads\/2022\/04\/Spar_och-Leder-202x300.png 202w, https:\/\/funasfjallensledbolag.se\/wp-content\/uploads\/2022\/04\/Spar_och-Leder-768x1141.png 768w, https:\/\/funasfjallensledbolag.se\/wp-content\/uploads\/2022\/04\/Spar_och-Leder.png 897w\" sizes=\"auto, (max-width: 689px) 100vw, 689px\" \/><\/a><figcaption><a href=\"https:\/\/apps.apple.com\/us\/app\/sp%C3%A5r-leder\/id1571456455\">Download the app in the Appstore<\/a><\/figcaption><\/figure>\n\n\n\n<figure class=\"wp-block-kadence-image kb-image_3c1ea2-a9 size-large\"><a href=\"https:\/\/play.google.com\/store\/apps\/details?id=com.destinationfunas\" class=\"kb-advanced-image-link\"><img loading=\"lazy\" decoding=\"async\" width=\"689\" height=\"1024\" src=\"https:\/\/funasfjallensledbolag.se\/wp-content\/uploads\/2022\/04\/Spar_och-Leder-689x1024.png\" alt=\"\" class=\"kb-img wp-image-888\" srcset=\"https:\/\/funasfjallensledbolag.se\/wp-content\/uploads\/2022\/04\/Spar_och-Leder-689x1024.png 689w, https:\/\/funasfjallensledbolag.se\/wp-content\/uploads\/2022\/04\/Spar_och-Leder-202x300.png 202w, https:\/\/funasfjallensledbolag.se\/wp-content\/uploads\/2022\/04\/Spar_och-Leder-768x1141.png 768w, https:\/\/funasfjallensledbolag.se\/wp-content\/uploads\/2022\/04\/Spar_och-Leder.png 897w\" sizes=\"auto, (max-width: 689px) 100vw, 689px\" \/><\/a><figcaption><a href=\"https:\/\/play.google.com\/store\/apps\/details?id=com.destinationfunas\">Download the app in Google Play<\/a><\/figcaption><\/figure>\n<\/div><\/div>\n<\/div><\/div><\/div>\n<\/div>\n\n\n<p class=\"has-text-align-left\"><strong>HIKING MAP<\/strong><br>A map with GuldTurer and KulTurer of the walk, together with all the cycle routes, is available free of charge from most hotels, resorts and service centres in the area. You can find it as a pdf here,\u00a0<a href=\"https:\/\/funasfjallensledbolag.se\/wp-content\/uploads\/2025\/06\/Sommarkarta-2025.pdf\" target=\"_blank\" rel=\"noreferrer noopener\">Cycling &amp; Walking Map 2025 &gt;&gt;<\/a><br><br><strong>CO-FINANCERS<\/strong><br>Maintenance of Guldturer and Kulturer: A.P.V Consult AB, Bent Fastighets AB, Bj\u00f6rklund Eklund Advokatbyr\u00e5, Conny Holding AB, Famjon Holding AB - Axel Ljungberg, H\u00f6jers Transport &amp; Fordonskonsult AB, JBV Konsult AB, Kraft i Sm\u00e5land AB, Lena \u00c5kesson Fastigheter, Lougus Kapital AB, Lundmark CCC, Medimore AB, Rhu Consulting AB, Smidessonen AB, Sn\u00f6blomman AB, Vandra of Sweden AB and Viati AB.<\/p>\n\n\n\n<p class=\"has-text-align-center\"><strong>GULDTURER<\/strong><\/p>\n\n\n<div class=\"kb-row-layout-wrap kb-row-layout-id107_382ccf-f6 alignnone wp-block-kadence-rowlayout\"><div class=\"kt-row-column-wrap kt-has-1-columns kt-row-layout-equal kt-tab-layout-inherit kt-mobile-layout-row kt-row-valign-top\">\n\n<div class=\"wp-block-kadence-column kadence-column107_bd3618-38 inner-column-1\"><div class=\"kt-inside-inner-col\">\n<iframe style=\"width: 100%; height: 700px;\" src=\"https:\/\/map.funasfjallensledbolag.se\/?context=hiking\"><\/iframe>\n<\/div><\/div>\n\n<\/div><\/div>\n\n\n<p class=\"has-text-align-center\"><strong>KULTURER<\/strong><\/p>\n\n\n<div class=\"kb-row-layout-wrap kb-row-layout-id107_d86b54-47 alignnone wp-block-kadence-rowlayout\"><div class=\"kt-row-column-wrap kt-has-1-columns kt-row-layout-equal kt-tab-layout-inherit kt-mobile-layout-row kt-row-valign-top\">\n\n<div class=\"wp-block-kadence-column kadence-column107_ca4326-9f inner-column-1\"><div class=\"kt-inside-inner-col\">\n<iframe style=\"width: 100%; height: 700px;\" src=\"https:\/\/map.funasfjallensledbolag.se\/?context=cultures\"><\/iframe>\n<\/div><\/div>\n\n<\/div><\/div>\n\n\n<p class=\"has-text-align-center\"><strong>ROMBOLEDEN<\/strong><\/p>\n\n\n<div class=\"kb-row-layout-wrap kb-row-layout-id107_bb75de-46 alignnone wp-block-kadence-rowlayout\"><div class=\"kt-row-column-wrap kt-has-1-columns kt-row-layout-equal kt-tab-layout-inherit kt-mobile-layout-row kt-row-valign-top\">\n\n<div class=\"wp-block-kadence-column kadence-column107_bc55f5-99 inner-column-1\"><div class=\"kt-inside-inner-col\">\n<iframe style=\"width: 100%; height: 700px;\" src=\"https:\/\/map.funasfjallensledbolag.se\/?context=rombo\"><\/iframe>\n<\/div><\/div>\n\n<\/div><\/div>\n\n<\/div>","protected":false},"excerpt":{"rendered":"<p>Fun\u00e4sfj\u00e4llens vandringsm\u00f6jligheter \u00e4r o\u00e4ndliga. H\u00e4r finns dagsturer f\u00f6r alla \u2013 korta, enkla barnv\u00e4nliga leder och l\u00e4ngre mer kr\u00e4vande turer f\u00f6r den erfarne vandraren. Gemensamt \u00e4r att alla leder \u00e4r tydligt skyltade och l\u00e4tta att f\u00f6lja. V\u00e4stra H\u00e4rjedalens Bygdesamr\u00e5dsgrupp &#8211; de sju byalagen i Fun\u00e4sfj\u00e4llen f\u00f6rvaltar Guld- och KulTurer, som sk\u00f6ts om av Fun\u00e4sfj\u00e4llens Ledbolag. Du [&hellip;]<\/p>\n","protected":false},"author":1,"featured_media":0,"parent":0,"menu_order":0,"comment_status":"closed","ping_status":"closed","template":"wp-custom-template-homepage-ledbolaget","meta":{"_uag_custom_page_level_css":"","footnotes":""},"class_list":["post-107","page","type-page","status-publish","hentry"],"uagb_featured_image_src":{"full":false,"thumbnail":false,"medium":false,"medium_large":false,"large":false,"1536x1536":false,"2048x2048":false,"trp-custom-language-flag":false},"uagb_author_info":{"display_name":"JockeLage","author_link":"https:\/\/funasfjallensledbolag.se\/en\/author\/jockelage\/"},"uagb_comment_info":0,"uagb_excerpt":"Fun\u00e4sfj\u00e4llens vandringsm\u00f6jligheter \u00e4r o\u00e4ndliga. H\u00e4r finns dagsturer f\u00f6r alla \u2013 korta, enkla barnv\u00e4nliga leder och l\u00e4ngre mer kr\u00e4vande turer f\u00f6r den erfarne vandraren. Gemensamt \u00e4r att alla leder \u00e4r tydligt skyltade och l\u00e4tta att f\u00f6lja. V\u00e4stra H\u00e4rjedalens Bygdesamr\u00e5dsgrupp &#8211; de sju byalagen i Fun\u00e4sfj\u00e4llen f\u00f6rvaltar Guld- och KulTurer, som sk\u00f6ts om av Fun\u00e4sfj\u00e4llens Ledbolag. Du&hellip;","_links":{"self":[{"href":"https:\/\/funasfjallensledbolag.se\/en\/wp-json\/wp\/v2\/pages\/107","targetHints":{"allow":["GET"]}}],"collection":[{"href":"https:\/\/funasfjallensledbolag.se\/en\/wp-json\/wp\/v2\/pages"}],"about":[{"href":"https:\/\/funasfjallensledbolag.se\/en\/wp-json\/wp\/v2\/types\/page"}],"author":[{"embeddable":true,"href":"https:\/\/funasfjallensledbolag.se\/en\/wp-json\/wp\/v2\/users\/1"}],"replies":[{"embeddable":true,"href":"https:\/\/funasfjallensledbolag.se\/en\/wp-json\/wp\/v2\/comments?post=107"}],"version-history":[{"count":114,"href":"https:\/\/funasfjallensledbolag.se\/en\/wp-json\/wp\/v2\/pages\/107\/revisions"}],"predecessor-version":[{"id":2282,"href":"https:\/\/funasfjallensledbolag.se\/en\/wp-json\/wp\/v2\/pages\/107\/revisions\/2282"}],"wp:attachment":[{"href":"https:\/\/funasfjallensledbolag.se\/en\/wp-json\/wp\/v2\/media?parent=107"}],"curies":[{"name":"wp","href":"https:\/\/api.w.org\/{rel}","templated":true}]}}