{"id":106,"date":"2022-03-29T11:03:58","date_gmt":"2022-03-29T11:03:58","guid":{"rendered":"https:\/\/funasfjallensledbolag.se\/?page_id=106"},"modified":"2026-04-13T13:09:27","modified_gmt":"2026-04-13T13:09:27","slug":"cykel","status":"publish","type":"page","link":"https:\/\/funasfjallensledbolag.se\/en\/cykel\/","title":{"rendered":"Mountain bike"},"content":{"rendered":"<div class=\"wp-block-uagb-container uagb-block-4b6e8a8f alignfull uagb-is-root-container\"><div class=\"uagb-container-inner-blocks-wrap\"><\/div><\/div>\n\n\n\n<p class=\"has-text-align-left\">I Fun\u00e4sfj\u00e4llen finns storslagen MTB-cykling i unik fj\u00e4llmilj\u00f6. H\u00e4r kan du uppleva h\u00f6gfj\u00e4llets vidder och bj\u00f6rkskogens slingrande stigar p\u00e5 omsk\u00f6tta leder. Du hittar allt fr\u00e5n enkla, familjev\u00e4nliga turer till l\u00e4ngre och mer utmanande leder.\u00a0F\u00f6r att f\u00e5 tillg\u00e5ng till dem beh\u00f6ver du ett Fj\u00e4llpass MTB.<\/p>\n\n\n\n<div class=\"wp-block-group alignfull tw-mt-0 is-layout-flow wp-block-group-is-layout-flow\"><div class=\"kb-row-layout-wrap kb-row-layout-id106_205ce9-47 alignnone kt-row-has-bg wp-block-kadence-rowlayout\"><div class=\"kt-row-column-wrap kt-has-2-columns kt-row-layout-equal kt-tab-layout-inherit kt-mobile-layout-row kt-row-valign-top\">\n\n<div class=\"wp-block-kadence-column kadence-column106_6e0d51-c5 inner-column-1\"><div class=\"kt-inside-inner-col\">\n<p class=\"has-text-align-left\">Genom att k\u00f6pa Fj\u00e4llpass MTB f\u00e5r du tillg\u00e5ng till omr\u00e5dets cykelleder. <br><br>Vill du cykla b\u00e5de liftburet och p\u00e5 led k\u00f6per du Fj\u00e4llpass Cykel hos n\u00e5gon av liftanl\u00e4ggningarna. D\u00e5 f\u00e5r du all MTB-cykling, 32 leder i cykelparker och 3 liftanl\u00e4ggningar p\u00e5 ett och samma kort.<br><br>You help to preserve a long-term sustainable local environment when you buy your Fj\u00e4llpass. Read more about our mountain passes and the work of Ledbolaget <a href=\"https:\/\/funasfjallensledbolag.se\/en\/om-oss-2\/\">here<\/a>.\u00a0<br><br>If you are registered in H\u00e4rjedalen Municipality, please contact us at Fun\u00e4sfj\u00e4llens Ledbolag for a payment link.<\/p>\n\n\n\n<div class=\"wp-block-kadence-spacer aligncenter kt-block-spacer-106_806373-14\"><div class=\"kt-block-spacer kt-block-spacer-halign-center\"><hr class=\"kt-divider\"\/><\/div><\/div>\n\n\n\n<div class=\"wp-block-kadence-advancedbtn kb-buttons-wrap kb-btns106_dbe111-65\"><a class=\"kb-button kt-button button kb-btn106_e93569-98 kt-btn-size-standard kt-btn-width-type-auto kb-btn-global-fill  kt-btn-has-text-true kt-btn-has-svg-false  wp-block-kadence-singlebtn\" href=\"https:\/\/sign.outby.se\/2721\/?lang=en\" target=\"_blank\" rel=\"noreferrer noopener\"><span class=\"kt-btn-inner-text\">BUY MOUNTAIN PASS MOUNTAIN BIKE<\/span><\/a><\/div>\n<\/div><\/div>\n\n\n\n<div class=\"wp-block-kadence-column kadence-column106_e91b05-36 inner-column-2\"><div class=\"kt-inside-inner-col\">\n<p>Fj\u00e4llpass MTB 2026<br>1 day 150:- <br>2 days 280:- <br>3 days 390:- <br>4 days 490:- <br>5 days 590:- <br>6-8 days 680:-<br>Season ticket 1100:- <br>Season pass purchase by 31\/5 950:-<br>Barn 7-17 \u00e5r betalar halva priset p\u00e5 alla Fj\u00e4llpass MTB<br><br>Mountain Pass Bike 2026<br>1 day 385:- , 7-17 years 310:-<br>2 days 610:- , 7-17 years 490:- <br>3 days 795:- , 7-17 years 635:-<br>4 days 935:- , 7-17 years 750:-<br>6-8 days 995:- , 7-17 years 795:-<br>Season pass 2595:- , 7-17 years 2075:-<br><\/p>\n\n\n\n<p><\/p>\n<\/div><\/div>\n\n<\/div><\/div>\n\n<div data-post-id=\"1043\" class=\"insert-page insert-page-1043\">\n<div class=\"wp-block-kadence-rowlayout alignwide\"><div id=\"kt-layout-id_6579b2-4f\" class=\"kt-row-layout-inner kt-row-has-bg kt-layout-id_6579b2-4f\"><div class=\"kt-row-column-wrap kt-has-2-columns kt-gutter-default kt-v-gutter-default kt-row-valign-top kt-row-layout-equal kt-tab-layout-inherit kt-m-colapse-left-to-right kt-mobile-layout-row\">\n<div class=\"wp-block-kadence-column inner-column-1 kadence-column_ec1b8c-81 kb-section-dir-horizontal\"><div class=\"kt-inside-inner-col\">\n<p class=\"has-text-align-left\">I&nbsp;<a href=\"https:\/\/funasfjallensledbolag.se\/en\/app\/\">app<\/a>&nbsp;you will find up-to-date information on the trails in the area. You can see if a route is temporarily closed due to high water, lack of snow, reindeer herding, hunting or similar. You can also read about the scope of the various tours and see where you are on the trail. All our Mountain Passes can be purchased directly in the app. &nbsp;<\/p>\n<\/div><\/div>\n\n\n\n<div class=\"wp-block-kadence-column inner-column-2 kadence-column_33b783-18 kb-section-dir-horizontal\"><div class=\"kt-inside-inner-col\">\n<figure class=\"wp-block-kadence-image kb-image_5b26c3-ea size-large\"><a href=\"https:\/\/apps.apple.com\/us\/app\/sp%C3%A5r-leder\/id1571456455\" class=\"kb-advanced-image-link\"><img loading=\"lazy\" decoding=\"async\" width=\"689\" height=\"1024\" src=\"https:\/\/funasfjallensledbolag.se\/wp-content\/uploads\/2022\/04\/Spar_och-Leder-689x1024.png\" alt=\"\" class=\"kb-img wp-image-888\" srcset=\"https:\/\/funasfjallensledbolag.se\/wp-content\/uploads\/2022\/04\/Spar_och-Leder-689x1024.png 689w, https:\/\/funasfjallensledbolag.se\/wp-content\/uploads\/2022\/04\/Spar_och-Leder-202x300.png 202w, https:\/\/funasfjallensledbolag.se\/wp-content\/uploads\/2022\/04\/Spar_och-Leder-768x1141.png 768w, https:\/\/funasfjallensledbolag.se\/wp-content\/uploads\/2022\/04\/Spar_och-Leder.png 897w\" sizes=\"auto, (max-width: 689px) 100vw, 689px\" \/><\/a><figcaption><a href=\"https:\/\/apps.apple.com\/us\/app\/sp%C3%A5r-leder\/id1571456455\">Download the app in the Appstore<\/a><\/figcaption><\/figure>\n\n\n\n<figure class=\"wp-block-kadence-image kb-image_3c1ea2-a9 size-large\"><a href=\"https:\/\/play.google.com\/store\/apps\/details?id=com.destinationfunas\" class=\"kb-advanced-image-link\"><img loading=\"lazy\" decoding=\"async\" width=\"689\" height=\"1024\" src=\"https:\/\/funasfjallensledbolag.se\/wp-content\/uploads\/2022\/04\/Spar_och-Leder-689x1024.png\" alt=\"\" class=\"kb-img wp-image-888\" srcset=\"https:\/\/funasfjallensledbolag.se\/wp-content\/uploads\/2022\/04\/Spar_och-Leder-689x1024.png 689w, https:\/\/funasfjallensledbolag.se\/wp-content\/uploads\/2022\/04\/Spar_och-Leder-202x300.png 202w, https:\/\/funasfjallensledbolag.se\/wp-content\/uploads\/2022\/04\/Spar_och-Leder-768x1141.png 768w, https:\/\/funasfjallensledbolag.se\/wp-content\/uploads\/2022\/04\/Spar_och-Leder.png 897w\" sizes=\"auto, (max-width: 689px) 100vw, 689px\" \/><\/a><figcaption><a href=\"https:\/\/play.google.com\/store\/apps\/details?id=com.destinationfunas\">Download the app in Google Play<\/a><\/figcaption><\/figure>\n<\/div><\/div>\n<\/div><\/div><\/div>\n<\/div>\n\n\n<p class=\"has--font-size\"><strong>SWEDEN'S LARGEST CYCLING ARENA <\/strong><br>Tack vare ett samarbete mellan oss p\u00e5 Fun\u00e4sfj\u00e4llens Ledbolag, T\u00e4nndalen, Ramundberget och Fun\u00e4sdalsberget f\u00e5r du all MTB-cykling, 32 leder i cykelparker och 3 liftanl\u00e4ggningar p\u00e5 ett och samma kort. I det nya passet som vi kallar Fj\u00e4llpass Cykel ing\u00e5r all ledcykling och alla sommar\u00f6ppna liftar i hela Fun\u00e4sfj\u00e4llen. Du k\u00f6per ditt Fj\u00e4llpass Cykel direkt hos n\u00e5gon av liftanl\u00e4ggningarna. <br><br><strong>CYCLE MAP<\/strong><br>Our mountain bike map together with hiking is available free of charge at most hotels, resorts and service points in the area. Here you can find it as a pdf, <a href=\"https:\/\/funasfjallensledbolag.se\/wp-content\/uploads\/2025\/06\/Sommarkarta-2025.pdf\" data-type=\"URL\" data-id=\"https:\/\/funasfjallensledbolag.se\/wp-content\/uploads\/2023\/07\/Cykel-och-vandringskarta-2023.pdf\" target=\"_blank\" rel=\"noreferrer noopener\">Cycling &amp; Walking Map 2025 &gt;&gt;<\/a><\/p>\n\n\n<div class=\"kb-row-layout-wrap kb-row-layout-id106_43af03-63 alignnone wp-block-kadence-rowlayout\"><div class=\"kt-row-column-wrap kt-has-1-columns kt-row-layout-equal kt-tab-layout-inherit kt-mobile-layout-row kt-row-valign-top\">\n\n<div class=\"wp-block-kadence-column kadence-column106_fd7310-df inner-column-1\"><div class=\"kt-inside-inner-col\">\n<iframe style=\"width: 100%; height: 700px;\" src=\"https:\/\/map.funasfjallensledbolag.se\/?context=mountain-biking\"><\/iframe>\n<\/div><\/div>\n\n<\/div><\/div>\n\n<\/div>\n\n\n\n<div style=\"height:21px\" aria-hidden=\"true\" class=\"wp-block-spacer\"><\/div>","protected":false},"excerpt":{"rendered":"<p>I Fun\u00e4sfj\u00e4llen finns storslagen MTB-cykling i unik fj\u00e4llmilj\u00f6. H\u00e4r kan du uppleva h\u00f6gfj\u00e4llets vidder och bj\u00f6rkskogens slingrande stigar p\u00e5 omsk\u00f6tta leder. Du hittar allt fr\u00e5n enkla, familjev\u00e4nliga turer till l\u00e4ngre och mer utmanande leder.\u00a0F\u00f6r att f\u00e5 tillg\u00e5ng till dem beh\u00f6ver du ett Fj\u00e4llpass MTB. Genom att k\u00f6pa Fj\u00e4llpass MTB f\u00e5r du tillg\u00e5ng till omr\u00e5dets cykelleder. [&hellip;]<\/p>\n","protected":false},"author":1,"featured_media":0,"parent":0,"menu_order":0,"comment_status":"closed","ping_status":"closed","template":"wp-custom-template-homepage-ledbolaget","meta":{"_uag_custom_page_level_css":"","footnotes":""},"class_list":["post-106","page","type-page","status-publish","hentry"],"uagb_featured_image_src":{"full":false,"thumbnail":false,"medium":false,"medium_large":false,"large":false,"1536x1536":false,"2048x2048":false,"trp-custom-language-flag":false},"uagb_author_info":{"display_name":"JockeLage","author_link":"https:\/\/funasfjallensledbolag.se\/en\/author\/jockelage\/"},"uagb_comment_info":0,"uagb_excerpt":"I Fun\u00e4sfj\u00e4llen finns storslagen MTB-cykling i unik fj\u00e4llmilj\u00f6. H\u00e4r kan du uppleva h\u00f6gfj\u00e4llets vidder och bj\u00f6rkskogens slingrande stigar p\u00e5 omsk\u00f6tta leder. Du hittar allt fr\u00e5n enkla, familjev\u00e4nliga turer till l\u00e4ngre och mer utmanande leder.\u00a0F\u00f6r att f\u00e5 tillg\u00e5ng till dem beh\u00f6ver du ett Fj\u00e4llpass MTB. Genom att k\u00f6pa Fj\u00e4llpass MTB f\u00e5r du tillg\u00e5ng till omr\u00e5dets cykelleder.&hellip;","_links":{"self":[{"href":"https:\/\/funasfjallensledbolag.se\/en\/wp-json\/wp\/v2\/pages\/106","targetHints":{"allow":["GET"]}}],"collection":[{"href":"https:\/\/funasfjallensledbolag.se\/en\/wp-json\/wp\/v2\/pages"}],"about":[{"href":"https:\/\/funasfjallensledbolag.se\/en\/wp-json\/wp\/v2\/types\/page"}],"author":[{"embeddable":true,"href":"https:\/\/funasfjallensledbolag.se\/en\/wp-json\/wp\/v2\/users\/1"}],"replies":[{"embeddable":true,"href":"https:\/\/funasfjallensledbolag.se\/en\/wp-json\/wp\/v2\/comments?post=106"}],"version-history":[{"count":159,"href":"https:\/\/funasfjallensledbolag.se\/en\/wp-json\/wp\/v2\/pages\/106\/revisions"}],"predecessor-version":[{"id":2542,"href":"https:\/\/funasfjallensledbolag.se\/en\/wp-json\/wp\/v2\/pages\/106\/revisions\/2542"}],"wp:attachment":[{"href":"https:\/\/funasfjallensledbolag.se\/en\/wp-json\/wp\/v2\/media?parent=106"}],"curies":[{"name":"wp","href":"https:\/\/api.w.org\/{rel}","templated":true}]}}